{"id":2516,"date":"2023-03-22T09:40:42","date_gmt":"2023-03-22T09:40:42","guid":{"rendered":"https:\/\/gestiumm.com\/politica-de-privacitat\/"},"modified":"2023-07-24T07:00:13","modified_gmt":"2023-07-24T07:00:13","slug":"politica-privacitat","status":"publish","type":"page","link":"https:\/\/gestiumm.com\/ca\/politica-privacitat\/","title":{"rendered":"Pol\u00edtica de Privacitat"},"content":{"rendered":"\t\t<div data-elementor-type=\"wp-page\" data-elementor-id=\"2516\" class=\"elementor elementor-2516 elementor-3\" data-elementor-post-type=\"page\">\n\t\t\t\t\t\t<section class=\"elementor-section elementor-top-section elementor-element elementor-element-35cfb92 elementor-section-boxed elementor-section-height-default elementor-section-height-default\" data-id=\"35cfb92\" data-element_type=\"section\" data-e-type=\"section\">\n\t\t\t\t\t\t<div class=\"elementor-container elementor-column-gap-default\">\n\t\t\t\t\t<div class=\"elementor-column elementor-col-100 elementor-top-column elementor-element elementor-element-4b0e351\" data-id=\"4b0e351\" data-element_type=\"column\" data-e-type=\"column\">\n\t\t\t<div class=\"elementor-widget-wrap elementor-element-populated\">\n\t\t\t\t\t\t<div class=\"elementor-element elementor-element-0183764 elementor-widget elementor-widget-heading\" data-id=\"0183764\" data-element_type=\"widget\" data-e-type=\"widget\" data-widget_type=\"heading.default\">\n\t\t\t\t<div class=\"elementor-widget-container\">\n\t\t\t\t\t<h2 class=\"elementor-heading-title elementor-size-default\">Pol\u00edtica de Privacitat<\/h2>\t\t\t\t<\/div>\n\t\t\t\t<\/div>\n\t\t\t\t<div class=\"elementor-element elementor-element-a45488b elementor-widget elementor-widget-text-editor\" data-id=\"a45488b\" data-element_type=\"widget\" data-e-type=\"widget\" data-widget_type=\"text-editor.default\">\n\t\t\t\t<div class=\"elementor-widget-container\">\n\t\t\t\t\t\t\t\t\t<p><span style=\"color: var( --e-global-color-text ); font-family: var( --e-global-typography-text-font-family ), Sans-serif; font-weight: var( --e-global-typography-text-font-weight ); background-color: var(--bs-body-bg); font-size: var(--bs-body-font-size); text-align: var(--bs-body-text-align);\">La Pol\u00edtica de Privacitat de Solucions Empresarials Gestiumm, S.L. (&#8220;Gestiumm&#8221;) s&#8217;ha dissenyat en compliment de la Llei Org\u00e0nica 3\/2018, del 5 de desembre, de Protecci\u00f3 de Dades Personals y garant\u00eda dels drets digitals. L&#8217;\u00fas d&#8217;aquest lloc web implica l&#8217;acceptaci\u00f3 d&#8217;aquesta pol\u00edtica de privacitat.<\/span><\/p><p>\u00a0<\/p><h3><span data-contrast=\"auto\">Responsable del Tractament<\/span><\/h3><p><span data-contrast=\"auto\">Solucions Empresarials Gestiumm, S.L., amb domicili en Avinguda Mossen Jacint Verdaguer 15-23 08130 Santa Perp\u00e8tua de Mogoda, \u00e9s el Responsable del Tractament de les dades que ens proporciona.<\/span><\/p><p>\u00a0<\/p><h3><span data-contrast=\"auto\">Finalitat del Tractament<\/span><\/h3><p><span data-contrast=\"auto\">Les dades recopilades a trav\u00e9s del nostre lloc web s&#8217;utilitzen per a la gesti\u00f3 de serveis oferts a trav\u00e9s d&#8217;aquesta p\u00e0gina, aix\u00ed com per a l&#8217;enviament d&#8217;informaci\u00f3 i comunicacions sobre ofertes, promocions i recomanacions,<\/span><span data-contrast=\"none\">atendre les sol\u00b7licituds dels usuaris, agregar-los a la llista de contactes, brindar serveis i gestionar la relaci\u00f3 comercial.<\/span><\/p><p>\u00a0<\/p><h3><span data-contrast=\"auto\">Legitimaci\u00f3 del Tractament<\/span><\/h3><p><span data-contrast=\"auto\">El tractament de les seves dades es realitza amb la seg\u00fcent base jur\u00eddica que legitima el mateix: el consentiment de l&#8217;interessat en el moment d&#8217;emplenar qualsevol formulari on es recaptin dades de car\u00e0cter personal.<\/span><\/p><p>\u00a0<\/p><h3><span data-contrast=\"auto\">Destinataris de les Dades<\/span><\/h3><p><span data-contrast=\"auto\">Les dades no es comunicaran a tercers aliens a Gestiumm, excepte obligaci\u00f3 legal.<\/span><\/p><p>\u00a0<\/p><h3><span data-contrast=\"auto\">Drets dels Interessats<\/span><\/h3><p><span data-contrast=\"auto\">Qualsevol persona t\u00e9 dret a obtenir confirmaci\u00f3 sobre si en Gestiumm estem tractant dades personals que els concerneixin. Les persones interessades tenen dret a accedir a les seves dades personals, aix\u00ed com a sol\u00b7licitar la rectificaci\u00f3 de les dades inexactes o, en el seu cas, sol\u00b7licitar la seva supressi\u00f3. En unes certes circumst\u00e0ncies, els interessats podran sol\u00b7licitar la limitaci\u00f3 del tractament de les seves dades o oposar-se al tractament d&#8217;aquests.<\/span><\/p><p><span data-contrast=\"auto\">Per a exercir els teus drets, pots dirigir-te a nosaltres mitjan\u00e7ant correu electr\u00f2nic a<\/span> <a href=\"mailto:gestiumm@gestiumm.com\"><span data-contrast=\"none\">gestiumm@gestiumm.com<\/span><\/a> <span data-contrast=\"auto\">, adjuntant c\u00f2pia del teu DNI.<\/span><\/p><p>\u00a0<\/p><h3><span data-contrast=\"auto\">Canvis en la Pol\u00edtica de Privacitat<\/span><\/h3><p><span data-contrast=\"auto\">Gestiumm es reserva el dret a modificar aquesta Pol\u00edtica de Privacitat per a adaptar-la a novetats legislatives, jurisprudencials o d&#8217;interpretaci\u00f3 de l&#8217;Ag\u00e8ncia Espanyola de Protecci\u00f3 de Dades.<\/span><\/p><p><span data-contrast=\"auto\">En cas de tenir dubtes respecte a la nostra pol\u00edtica de privacitat, si us plau, contacta amb nosaltres a trav\u00e9s de gestiumm@gestiumm.com.<\/span><\/p><p><span data-contrast=\"auto\">Aquesta pol\u00edtica de privacitat s&#8217;ha actualitzat per \u00faltima vegada el 12\/07\/2023<\/span><\/p>\t\t\t\t\t\t\t\t<\/div>\n\t\t\t\t<\/div>\n\t\t\t\t\t<\/div>\n\t\t<\/div>\n\t\t\t\t\t<\/div>\n\t\t<\/section>\n\t\t\t\t<\/div>\n\t\t","protected":false},"excerpt":{"rendered":"<p>Pol\u00edtica de Privacitat La Pol\u00edtica de Privacitat de Solucions Empresarials Gestiumm, S.L. (&#8220;Gestiumm&#8221;) s&#8217;ha dissenyat en compliment de la Llei Org\u00e0nica 3\/2018, del 5 de desembre, de Protecci\u00f3 de Dades Personals y garant\u00eda dels drets digitals. L&#8217;\u00fas d&#8217;aquest lloc web implica l&#8217;acceptaci\u00f3 d&#8217;aquesta pol\u00edtica de privacitat. \u00a0 Responsable del Tractament Solucions Empresarials Gestiumm, S.L., amb [&hellip;]<\/p>\n","protected":false},"author":2,"featured_media":0,"parent":0,"menu_order":99,"comment_status":"closed","ping_status":"closed","template":"page-full.php","meta":{"footnotes":""},"class_list":["post-2516","page","type-page","status-publish","hentry"],"yoast_head":"<!-- This site is optimized with the Yoast SEO plugin v26.9 - https:\/\/yoast.com\/product\/yoast-seo-wordpress\/ -->\n<title>Pol\u00edtica de Privacitat - Gestiumm<\/title>\n<meta name=\"robots\" content=\"noindex, nofollow\" \/>\n<meta property=\"og:locale\" content=\"ca_ES\" \/>\n<meta property=\"og:type\" content=\"article\" \/>\n<meta property=\"og:title\" content=\"Pol\u00edtica de Privacitat - Gestiumm\" \/>\n<meta property=\"og:description\" content=\"Pol\u00edtica de Privacitat La Pol\u00edtica de Privacitat de Solucions Empresarials Gestiumm, S.L. (&#8220;Gestiumm&#8221;) s&#8217;ha dissenyat en compliment de la Llei Org\u00e0nica 3\/2018, del 5 de desembre, de Protecci\u00f3 de Dades Personals y garant\u00eda dels drets digitals. L&#8217;\u00fas d&#8217;aquest lloc web implica l&#8217;acceptaci\u00f3 d&#8217;aquesta pol\u00edtica de privacitat. \u00a0 Responsable del Tractament Solucions Empresarials Gestiumm, S.L., amb [&hellip;]\" \/>\n<meta property=\"og:url\" content=\"https:\/\/gestiumm.com\/politica-privacidad\/\" \/>\n<meta property=\"og:site_name\" content=\"Gestiumm\" \/>\n<meta property=\"article:modified_time\" content=\"2023-07-24T07:00:13+00:00\" \/>\n<meta property=\"og:image\" content=\"https:\/\/gestiumm.com\/wp-content\/uploads\/2023\/06\/pexels-mikhail-nilov-8297478-1.jpg\" \/>\n\t<meta property=\"og:image:width\" content=\"1920\" \/>\n\t<meta property=\"og:image:height\" content=\"1280\" \/>\n\t<meta property=\"og:image:type\" content=\"image\/jpeg\" \/>\n<meta name=\"twitter:card\" content=\"summary_large_image\" \/>\n<meta name=\"twitter:label1\" content=\"Temps estimat de lectura\" \/>\n\t<meta name=\"twitter:data1\" content=\"2 minuts\" \/>\n<script type=\"application\/ld+json\" class=\"yoast-schema-graph\">{\"@context\":\"https:\/\/schema.org\",\"@graph\":[{\"@type\":\"WebPage\",\"@id\":\"https:\/\/gestiumm.com\/politica-privacidad\/\",\"url\":\"https:\/\/gestiumm.com\/politica-privacidad\/\",\"name\":\"Pol\u00edtica de Privacitat - Gestiumm\",\"isPartOf\":{\"@id\":\"https:\/\/gestiumm.com\/#website\"},\"datePublished\":\"2023-03-22T09:40:42+00:00\",\"dateModified\":\"2023-07-24T07:00:13+00:00\",\"breadcrumb\":{\"@id\":\"https:\/\/gestiumm.com\/politica-privacidad\/#breadcrumb\"},\"inLanguage\":\"ca\",\"potentialAction\":[{\"@type\":\"ReadAction\",\"target\":[\"https:\/\/gestiumm.com\/politica-privacidad\/\"]}]},{\"@type\":\"BreadcrumbList\",\"@id\":\"https:\/\/gestiumm.com\/politica-privacidad\/#breadcrumb\",\"itemListElement\":[{\"@type\":\"ListItem\",\"position\":1,\"name\":\"Home\",\"item\":\"https:\/\/gestiumm.com\/ca\/\"},{\"@type\":\"ListItem\",\"position\":2,\"name\":\"Pol\u00edtica de Privacitat\"}]},{\"@type\":\"WebSite\",\"@id\":\"https:\/\/gestiumm.com\/#website\",\"url\":\"https:\/\/gestiumm.com\/\",\"name\":\"Gestiumm\",\"description\":\"Gestoria en Barcelona, Santa Perpetua de Mogoda\",\"publisher\":{\"@id\":\"https:\/\/gestiumm.com\/#organization\"},\"potentialAction\":[{\"@type\":\"SearchAction\",\"target\":{\"@type\":\"EntryPoint\",\"urlTemplate\":\"https:\/\/gestiumm.com\/?s={search_term_string}\"},\"query-input\":{\"@type\":\"PropertyValueSpecification\",\"valueRequired\":true,\"valueName\":\"search_term_string\"}}],\"inLanguage\":\"ca\"},{\"@type\":\"Organization\",\"@id\":\"https:\/\/gestiumm.com\/#organization\",\"name\":\"Gestiumm\",\"alternateName\":\"Gestiumm\",\"url\":\"https:\/\/gestiumm.com\/\",\"logo\":{\"@type\":\"ImageObject\",\"inLanguage\":\"ca\",\"@id\":\"https:\/\/gestiumm.com\/#\/schema\/logo\/image\/\",\"url\":\"https:\/\/gestiumm.com\/wp-content\/uploads\/2023\/04\/logo-1.png\",\"contentUrl\":\"https:\/\/gestiumm.com\/wp-content\/uploads\/2023\/04\/logo-1.png\",\"width\":457,\"height\":120,\"caption\":\"Gestiumm\"},\"image\":{\"@id\":\"https:\/\/gestiumm.com\/#\/schema\/logo\/image\/\"}}]}<\/script>\n<!-- \/ Yoast SEO plugin. -->","yoast_head_json":{"title":"Pol\u00edtica de Privacitat - Gestiumm","robots":{"index":"noindex","follow":"nofollow"},"og_locale":"ca_ES","og_type":"article","og_title":"Pol\u00edtica de Privacitat - Gestiumm","og_description":"Pol\u00edtica de Privacitat La Pol\u00edtica de Privacitat de Solucions Empresarials Gestiumm, S.L. (&#8220;Gestiumm&#8221;) s&#8217;ha dissenyat en compliment de la Llei Org\u00e0nica 3\/2018, del 5 de desembre, de Protecci\u00f3 de Dades Personals y garant\u00eda dels drets digitals. L&#8217;\u00fas d&#8217;aquest lloc web implica l&#8217;acceptaci\u00f3 d&#8217;aquesta pol\u00edtica de privacitat. \u00a0 Responsable del Tractament Solucions Empresarials Gestiumm, S.L., amb [&hellip;]","og_url":"https:\/\/gestiumm.com\/politica-privacidad\/","og_site_name":"Gestiumm","article_modified_time":"2023-07-24T07:00:13+00:00","og_image":[{"width":1920,"height":1280,"url":"https:\/\/gestiumm.com\/wp-content\/uploads\/2023\/06\/pexels-mikhail-nilov-8297478-1.jpg","type":"image\/jpeg"}],"twitter_card":"summary_large_image","twitter_misc":{"Temps estimat de lectura":"2 minuts"},"schema":{"@context":"https:\/\/schema.org","@graph":[{"@type":"WebPage","@id":"https:\/\/gestiumm.com\/politica-privacidad\/","url":"https:\/\/gestiumm.com\/politica-privacidad\/","name":"Pol\u00edtica de Privacitat - Gestiumm","isPartOf":{"@id":"https:\/\/gestiumm.com\/#website"},"datePublished":"2023-03-22T09:40:42+00:00","dateModified":"2023-07-24T07:00:13+00:00","breadcrumb":{"@id":"https:\/\/gestiumm.com\/politica-privacidad\/#breadcrumb"},"inLanguage":"ca","potentialAction":[{"@type":"ReadAction","target":["https:\/\/gestiumm.com\/politica-privacidad\/"]}]},{"@type":"BreadcrumbList","@id":"https:\/\/gestiumm.com\/politica-privacidad\/#breadcrumb","itemListElement":[{"@type":"ListItem","position":1,"name":"Home","item":"https:\/\/gestiumm.com\/ca\/"},{"@type":"ListItem","position":2,"name":"Pol\u00edtica de Privacitat"}]},{"@type":"WebSite","@id":"https:\/\/gestiumm.com\/#website","url":"https:\/\/gestiumm.com\/","name":"Gestiumm","description":"Gestoria en Barcelona, Santa Perpetua de Mogoda","publisher":{"@id":"https:\/\/gestiumm.com\/#organization"},"potentialAction":[{"@type":"SearchAction","target":{"@type":"EntryPoint","urlTemplate":"https:\/\/gestiumm.com\/?s={search_term_string}"},"query-input":{"@type":"PropertyValueSpecification","valueRequired":true,"valueName":"search_term_string"}}],"inLanguage":"ca"},{"@type":"Organization","@id":"https:\/\/gestiumm.com\/#organization","name":"Gestiumm","alternateName":"Gestiumm","url":"https:\/\/gestiumm.com\/","logo":{"@type":"ImageObject","inLanguage":"ca","@id":"https:\/\/gestiumm.com\/#\/schema\/logo\/image\/","url":"https:\/\/gestiumm.com\/wp-content\/uploads\/2023\/04\/logo-1.png","contentUrl":"https:\/\/gestiumm.com\/wp-content\/uploads\/2023\/04\/logo-1.png","width":457,"height":120,"caption":"Gestiumm"},"image":{"@id":"https:\/\/gestiumm.com\/#\/schema\/logo\/image\/"}}]}},"_links":{"self":[{"href":"https:\/\/gestiumm.com\/ca\/wp-json\/wp\/v2\/pages\/2516","targetHints":{"allow":["GET"]}}],"collection":[{"href":"https:\/\/gestiumm.com\/ca\/wp-json\/wp\/v2\/pages"}],"about":[{"href":"https:\/\/gestiumm.com\/ca\/wp-json\/wp\/v2\/types\/page"}],"author":[{"embeddable":true,"href":"https:\/\/gestiumm.com\/ca\/wp-json\/wp\/v2\/users\/2"}],"replies":[{"embeddable":true,"href":"https:\/\/gestiumm.com\/ca\/wp-json\/wp\/v2\/comments?post=2516"}],"version-history":[{"count":21,"href":"https:\/\/gestiumm.com\/ca\/wp-json\/wp\/v2\/pages\/2516\/revisions"}],"predecessor-version":[{"id":2765,"href":"https:\/\/gestiumm.com\/ca\/wp-json\/wp\/v2\/pages\/2516\/revisions\/2765"}],"wp:attachment":[{"href":"https:\/\/gestiumm.com\/ca\/wp-json\/wp\/v2\/media?parent=2516"}],"curies":[{"name":"wp","href":"https:\/\/api.w.org\/{rel}","templated":true}]}}